{"id":10463,"date":"2026-03-25T15:15:51","date_gmt":"2026-03-25T14:15:51","guid":{"rendered":"https:\/\/teasome.pl\/?post_type=product&#038;p=10463"},"modified":"2026-04-27T13:10:14","modified_gmt":"2026-04-27T12:10:14","slug":"shiboridashi-3-artur-rej","status":"publish","type":"product","link":"https:\/\/teasome.pl\/en\/p\/shiboridashi-3-artur-rej\/","title":{"rendered":"SHIBORIDASHI #3 \u2013 ARTUR REJ"},"content":{"rendered":"<p>Shiboridashi jest to <a href=\"https:\/\/teasome.pl\/trzydziesci-trzy-herbaciane-przedmioty\/\" target=\"_blank\" rel=\"noopener\">rodzaj gaiwana<\/a> w japo\u0144skim stylu, wygodne po\u0142\u0105czenie gaiwana z czajnikiem &#8211; jest to miseczka z pokrywk\u0105, kt\u00f3ra posiada r\u00f3wnie\u017c z\u0105bkowany dzi\u00f3bek, pozwalaj\u0105cy wygodnie zaparzy\u0107 r\u00f3wnie\u017c najdrobniejsze herbaty japo\u0144skie.<\/p>\n<p>To shibo jest ma wyj\u0105tkowo pi\u0119kne jasne kolory, ch\u0142odn\u0105 biel na zewn\u0105trz i \u0142agodny be\u017c w \u015brodku, oddzielone przyjemnym, ceglastym rancikiem. Te jasne barwy przepi\u0119knie podkre\u015bla\u0107 b\u0119d\u0105 kolor li\u015bci i naparu.<\/p>\n<p>Siedem precyzyjnie wyci\u0119tych rowk\u00f3w sprawia, \u017ce przelewa pi\u0119knym, mocnym strumieniem i nie zatyka si\u0119 nawet przy parzeniu naprawd\u0119 malutkich li\u015bci.<\/p>\n<p>Pojemno\u015b\u0107 r\u00f3wno 110 ml, w sam raz dla trzech os\u00f3b.<\/p>\n<p>Naczynie pokryte jest szkliwem, dzi\u0119ki czemu nie wp\u0142ywa na smak herbaty i nadaje si\u0119 do mycia w zmywarce.<br \/>\nIdealnie pasuje do\u00a0<a href=\"https:\/\/teasome.pl\/p\/gongdaobei-chahai-3-artur-rej\/\">tego chahaia<\/a>, zach\u0119camy by skompletowa\u0107 zestaw!<\/p>\n<p>Autor, Artur Rej, tworzy artystyczn\u0105 ceramik\u0119 herbacian\u0105 w swoim warsztacie w Parku Krajobrazowym Doliny Bobru, organizuje tam r\u00f3wnie\u017c warsztaty ceramiczne. Styl jego ceramiki jest wyj\u0105tkowy, tworzone przez niego naczynia maj\u0105 pogodne, g\u0142\u0119bokie kolory i przyjemne, ob\u0142e kszta\u0142ty.<\/p>\n<p>Zach\u0119camy do obserwowania jego prac na Instagramie <a href=\"https:\/\/www.instagram.com\/rej.artur.ceramika?igsh=MWU2MHI3aHV2MTcweg==\" target=\"_blank\" rel=\"noopener\">@rej.artur.ceramika<\/a><\/p>\n","protected":false},"excerpt":{"rendered":"<p>Niezwyk\u0142e shiboridashi, czyli naczynie do parzenia herbaty w stylu japo\u0144skim, wykonane wykonane w pe\u0142ni r\u0119cznie.<\/p>\n","protected":false},"featured_media":12425,"template":"","meta":{"_monsterinsights_skip_tracking":false,"_monsterinsights_sitenote_active":false,"_monsterinsights_sitenote_note":"","_monsterinsights_sitenote_category":0},"product_brand":[],"product_cat":[21],"product_tag":[],"class_list":{"0":"post-10463","1":"product","2":"type-product","3":"status-publish","4":"has-post-thumbnail","6":"product_cat-ceramika","8":"first","9":"outofstock","10":"taxable","11":"shipping-taxable","12":"purchasable","13":"product-type-simple"},"yoast_head":"<!-- This site is optimized with the Yoast SEO plugin v27.2 - https:\/\/yoast.com\/product\/yoast-seo-wordpress\/ -->\n<title>SHIBORIDASHI #3 \u2013 ARTUR REJ | teasome<\/title>\n<meta name=\"robots\" content=\"index, follow, max-snippet:-1, max-image-preview:large, max-video-preview:-1\" \/>\n<link rel=\"canonical\" href=\"https:\/\/teasome.pl\/p\/shiboridashi-3-artur-rej\/\" \/>\n<meta property=\"og:locale\" content=\"en_US\" \/>\n<meta property=\"og:type\" content=\"article\" \/>\n<meta property=\"og:title\" content=\"SHIBORIDASHI #3 \u2013 ARTUR REJ | teasome\" \/>\n<meta property=\"og:description\" content=\"Niezwyk\u0142e shiboridashi, czyli naczynie do parzenia herbaty w stylu japo\u0144skim, wykonane wykonane w pe\u0142ni r\u0119cznie.\" \/>\n<meta property=\"og:url\" content=\"https:\/\/teasome.pl\/p\/shiboridashi-3-artur-rej\/\" \/>\n<meta property=\"og:site_name\" content=\"teasome\" \/>\n<meta property=\"article:publisher\" content=\"https:\/\/facebook.com\/teasomepl\" \/>\n<meta property=\"article:modified_time\" content=\"2026-04-27T12:10:14+00:00\" \/>\n<meta property=\"og:image\" content=\"https:\/\/teasome.pl\/wp-content\/uploads\/2025\/11\/bialeshibo1.png\" \/>\n\t<meta property=\"og:image:width\" content=\"1200\" \/>\n\t<meta property=\"og:image:height\" content=\"1200\" \/>\n\t<meta property=\"og:image:type\" content=\"image\/png\" \/>\n<meta name=\"twitter:card\" content=\"summary_large_image\" \/>\n<meta name=\"twitter:label1\" content=\"Est. reading time\" \/>\n\t<meta name=\"twitter:data1\" content=\"2 minutes\" \/>\n<script type=\"application\/ld+json\" class=\"yoast-schema-graph\">{\"@context\":\"https:\/\/schema.org\",\"@graph\":[{\"@type\":\"WebPage\",\"@id\":\"https:\/\/teasome.pl\/p\/shiboridashi-3-artur-rej\/\",\"url\":\"https:\/\/teasome.pl\/p\/shiboridashi-3-artur-rej\/\",\"name\":\"SHIBORIDASHI #3 \u2013 ARTUR REJ | teasome\",\"isPartOf\":{\"@id\":\"https:\/\/teasome.pl\/#website\"},\"primaryImageOfPage\":{\"@id\":\"https:\/\/teasome.pl\/p\/shiboridashi-3-artur-rej\/#primaryimage\"},\"image\":{\"@id\":\"https:\/\/teasome.pl\/p\/shiboridashi-3-artur-rej\/#primaryimage\"},\"thumbnailUrl\":\"https:\/\/teasome.pl\/wp-content\/uploads\/2025\/11\/bialeshibo1.png\",\"datePublished\":\"2026-03-25T14:15:51+00:00\",\"dateModified\":\"2026-04-27T12:10:14+00:00\",\"breadcrumb\":{\"@id\":\"https:\/\/teasome.pl\/p\/shiboridashi-3-artur-rej\/#breadcrumb\"},\"inLanguage\":\"en-US\",\"potentialAction\":[{\"@type\":\"ReadAction\",\"target\":[\"https:\/\/teasome.pl\/p\/shiboridashi-3-artur-rej\/\"]}]},{\"@type\":\"ImageObject\",\"inLanguage\":\"en-US\",\"@id\":\"https:\/\/teasome.pl\/p\/shiboridashi-3-artur-rej\/#primaryimage\",\"url\":\"https:\/\/teasome.pl\/wp-content\/uploads\/2025\/11\/bialeshibo1.png\",\"contentUrl\":\"https:\/\/teasome.pl\/wp-content\/uploads\/2025\/11\/bialeshibo1.png\",\"width\":1200,\"height\":1200},{\"@type\":\"BreadcrumbList\",\"@id\":\"https:\/\/teasome.pl\/p\/shiboridashi-3-artur-rej\/#breadcrumb\",\"itemListElement\":[{\"@type\":\"ListItem\",\"position\":1,\"name\":\"Strona g\u0142\u00f3wna\",\"item\":\"https:\/\/teasome.pl\/\"},{\"@type\":\"ListItem\",\"position\":2,\"name\":\"Shop\",\"item\":\"https:\/\/teasome.pl\/en\/shop\/\"},{\"@type\":\"ListItem\",\"position\":3,\"name\":\"SHIBORIDASHI #3 \u2013 ARTUR REJ\"}]},{\"@type\":\"WebSite\",\"@id\":\"https:\/\/teasome.pl\/#website\",\"url\":\"https:\/\/teasome.pl\/\",\"name\":\"Teasome.pl\",\"description\":\"Herbata Speciality\",\"publisher\":{\"@id\":\"https:\/\/teasome.pl\/#organization\"},\"alternateName\":\"teasome\",\"potentialAction\":[{\"@type\":\"SearchAction\",\"target\":{\"@type\":\"EntryPoint\",\"urlTemplate\":\"https:\/\/teasome.pl\/?s={search_term_string}\"},\"query-input\":{\"@type\":\"PropertyValueSpecification\",\"valueRequired\":true,\"valueName\":\"search_term_string\"}}],\"inLanguage\":\"en-US\"},{\"@type\":\"Organization\",\"@id\":\"https:\/\/teasome.pl\/#organization\",\"name\":\"Teasome\",\"url\":\"https:\/\/teasome.pl\/\",\"logo\":{\"@type\":\"ImageObject\",\"inLanguage\":\"en-US\",\"@id\":\"https:\/\/teasome.pl\/#\/schema\/logo\/image\/\",\"url\":\"https:\/\/teasome.pl\/wp-content\/uploads\/2025\/12\/teasome-favicon.png\",\"contentUrl\":\"https:\/\/teasome.pl\/wp-content\/uploads\/2025\/12\/teasome-favicon.png\",\"width\":100,\"height\":100,\"caption\":\"Teasome\"},\"image\":{\"@id\":\"https:\/\/teasome.pl\/#\/schema\/logo\/image\/\"},\"sameAs\":[\"https:\/\/facebook.com\/teasomepl\",\"https:\/\/instagram.com\/teasomepl\"]}]}<\/script>\n<!-- \/ Yoast SEO plugin. -->","yoast_head_json":{"title":"SHIBORIDASHI #3 \u2013 ARTUR REJ | teasome","robots":{"index":"index","follow":"follow","max-snippet":"max-snippet:-1","max-image-preview":"max-image-preview:large","max-video-preview":"max-video-preview:-1"},"canonical":"https:\/\/teasome.pl\/p\/shiboridashi-3-artur-rej\/","og_locale":"en_US","og_type":"article","og_title":"SHIBORIDASHI #3 \u2013 ARTUR REJ | teasome","og_description":"Niezwyk\u0142e shiboridashi, czyli naczynie do parzenia herbaty w stylu japo\u0144skim, wykonane wykonane w pe\u0142ni r\u0119cznie.","og_url":"https:\/\/teasome.pl\/p\/shiboridashi-3-artur-rej\/","og_site_name":"teasome","article_publisher":"https:\/\/facebook.com\/teasomepl","article_modified_time":"2026-04-27T12:10:14+00:00","og_image":[{"width":1200,"height":1200,"url":"https:\/\/teasome.pl\/wp-content\/uploads\/2025\/11\/bialeshibo1.png","type":"image\/png"}],"twitter_card":"summary_large_image","twitter_misc":{"Est. reading time":"2 minutes"},"schema":{"@context":"https:\/\/schema.org","@graph":[{"@type":"WebPage","@id":"https:\/\/teasome.pl\/p\/shiboridashi-3-artur-rej\/","url":"https:\/\/teasome.pl\/p\/shiboridashi-3-artur-rej\/","name":"SHIBORIDASHI #3 \u2013 ARTUR REJ | teasome","isPartOf":{"@id":"https:\/\/teasome.pl\/#website"},"primaryImageOfPage":{"@id":"https:\/\/teasome.pl\/p\/shiboridashi-3-artur-rej\/#primaryimage"},"image":{"@id":"https:\/\/teasome.pl\/p\/shiboridashi-3-artur-rej\/#primaryimage"},"thumbnailUrl":"https:\/\/teasome.pl\/wp-content\/uploads\/2025\/11\/bialeshibo1.png","datePublished":"2026-03-25T14:15:51+00:00","dateModified":"2026-04-27T12:10:14+00:00","breadcrumb":{"@id":"https:\/\/teasome.pl\/p\/shiboridashi-3-artur-rej\/#breadcrumb"},"inLanguage":"en-US","potentialAction":[{"@type":"ReadAction","target":["https:\/\/teasome.pl\/p\/shiboridashi-3-artur-rej\/"]}]},{"@type":"ImageObject","inLanguage":"en-US","@id":"https:\/\/teasome.pl\/p\/shiboridashi-3-artur-rej\/#primaryimage","url":"https:\/\/teasome.pl\/wp-content\/uploads\/2025\/11\/bialeshibo1.png","contentUrl":"https:\/\/teasome.pl\/wp-content\/uploads\/2025\/11\/bialeshibo1.png","width":1200,"height":1200},{"@type":"BreadcrumbList","@id":"https:\/\/teasome.pl\/p\/shiboridashi-3-artur-rej\/#breadcrumb","itemListElement":[{"@type":"ListItem","position":1,"name":"Strona g\u0142\u00f3wna","item":"https:\/\/teasome.pl\/"},{"@type":"ListItem","position":2,"name":"Shop","item":"https:\/\/teasome.pl\/en\/shop\/"},{"@type":"ListItem","position":3,"name":"SHIBORIDASHI #3 \u2013 ARTUR REJ"}]},{"@type":"WebSite","@id":"https:\/\/teasome.pl\/#website","url":"https:\/\/teasome.pl\/","name":"Teasome.pl","description":"Herbata Speciality","publisher":{"@id":"https:\/\/teasome.pl\/#organization"},"alternateName":"teasome","potentialAction":[{"@type":"SearchAction","target":{"@type":"EntryPoint","urlTemplate":"https:\/\/teasome.pl\/?s={search_term_string}"},"query-input":{"@type":"PropertyValueSpecification","valueRequired":true,"valueName":"search_term_string"}}],"inLanguage":"en-US"},{"@type":"Organization","@id":"https:\/\/teasome.pl\/#organization","name":"Teasome","url":"https:\/\/teasome.pl\/","logo":{"@type":"ImageObject","inLanguage":"en-US","@id":"https:\/\/teasome.pl\/#\/schema\/logo\/image\/","url":"https:\/\/teasome.pl\/wp-content\/uploads\/2025\/12\/teasome-favicon.png","contentUrl":"https:\/\/teasome.pl\/wp-content\/uploads\/2025\/12\/teasome-favicon.png","width":100,"height":100,"caption":"Teasome"},"image":{"@id":"https:\/\/teasome.pl\/#\/schema\/logo\/image\/"},"sameAs":["https:\/\/facebook.com\/teasomepl","https:\/\/instagram.com\/teasomepl"]}]}},"_links":{"self":[{"href":"https:\/\/teasome.pl\/en\/wp-json\/wp\/v2\/product\/10463","targetHints":{"allow":["GET"]}}],"collection":[{"href":"https:\/\/teasome.pl\/en\/wp-json\/wp\/v2\/product"}],"about":[{"href":"https:\/\/teasome.pl\/en\/wp-json\/wp\/v2\/types\/product"}],"version-history":[{"count":4,"href":"https:\/\/teasome.pl\/en\/wp-json\/wp\/v2\/product\/10463\/revisions"}],"predecessor-version":[{"id":12442,"href":"https:\/\/teasome.pl\/en\/wp-json\/wp\/v2\/product\/10463\/revisions\/12442"}],"wp:featuredmedia":[{"embeddable":true,"href":"https:\/\/teasome.pl\/en\/wp-json\/wp\/v2\/media\/12425"}],"wp:attachment":[{"href":"https:\/\/teasome.pl\/en\/wp-json\/wp\/v2\/media?parent=10463"}],"wp:term":[{"taxonomy":"product_brand","embeddable":true,"href":"https:\/\/teasome.pl\/en\/wp-json\/wp\/v2\/product_brand?post=10463"},{"taxonomy":"product_cat","embeddable":true,"href":"https:\/\/teasome.pl\/en\/wp-json\/wp\/v2\/product_cat?post=10463"},{"taxonomy":"product_tag","embeddable":true,"href":"https:\/\/teasome.pl\/en\/wp-json\/wp\/v2\/product_tag?post=10463"}],"curies":[{"name":"wp","href":"https:\/\/api.w.org\/{rel}","templated":true}]}}