{"id":10674,"date":"2025-12-11T15:32:15","date_gmt":"2025-12-11T14:32:15","guid":{"rendered":"https:\/\/teasome.pl\/?post_type=product&#038;p=10674"},"modified":"2025-12-11T15:38:04","modified_gmt":"2025-12-11T14:38:04","slug":"matcha-set-2","status":"publish","type":"product","link":"https:\/\/teasome.pl\/en\/p\/matcha-set-2\/","title":{"rendered":"MATCHA SET #2"},"content":{"rendered":"<p>Specjalnie z okazji \u015bwi\u0105t przygotowali\u015bmy dla Was kilka zestaw\u00f3w prezentowych zwi\u0105zanych z match\u0105!<\/p>\n<p>Matcha Set #2 zawiera:<\/p>\n<ul>\n<li>puszka <a href=\"https:\/\/teasome.pl\/en\/p\/matcha-keiki\/\">Matcha Keiki<\/a><\/li>\n<li>chasen, czyli bambusowa miote\u0142ka do matchy<\/li>\n<\/ul>\n","protected":false},"excerpt":{"rendered":"<p>Specjalnie z okazji \u015bwi\u0105t przygotowali\u015bmy dla Was kilka zestaw\u00f3w prezentowych zwi\u0105zanych z match\u0105! Matcha Set #2 zawiera: puszka Matcha Keiki chasen, czyli bambusowa miote\u0142ka do matchy<\/p>\n","protected":false},"featured_media":10675,"template":"","meta":{"_monsterinsights_skip_tracking":false,"_monsterinsights_sitenote_active":false,"_monsterinsights_sitenote_note":"","_monsterinsights_sitenote_category":0},"product_brand":[],"product_cat":[17,23,65],"product_tag":[],"class_list":{"0":"post-10674","1":"product","2":"type-product","3":"status-publish","4":"has-post-thumbnail","6":"product_cat-herbaty","7":"product_cat-matcha","8":"product_cat-zestawy","10":"first","11":"instock","12":"taxable","13":"shipping-taxable","14":"purchasable","15":"product-type-simple"},"yoast_head":"<!-- This site is optimized with the Yoast SEO plugin v27.2 - https:\/\/yoast.com\/product\/yoast-seo-wordpress\/ -->\n<title>MATCHA SET #2 | teasome<\/title>\n<meta name=\"robots\" content=\"index, follow, max-snippet:-1, max-image-preview:large, max-video-preview:-1\" \/>\n<link rel=\"canonical\" href=\"https:\/\/teasome.pl\/p\/matcha-set-2\/\" \/>\n<meta property=\"og:locale\" content=\"en_US\" \/>\n<meta property=\"og:type\" content=\"article\" \/>\n<meta property=\"og:title\" content=\"MATCHA SET #2 | teasome\" \/>\n<meta property=\"og:description\" content=\"Specjalnie z okazji \u015bwi\u0105t przygotowali\u015bmy dla Was kilka zestaw\u00f3w prezentowych zwi\u0105zanych z match\u0105! Matcha Set #2 zawiera: puszka Matcha Keiki chasen, czyli bambusowa miote\u0142ka do matchy\" \/>\n<meta property=\"og:url\" content=\"https:\/\/teasome.pl\/p\/matcha-set-2\/\" \/>\n<meta property=\"og:site_name\" content=\"teasome\" \/>\n<meta property=\"article:publisher\" content=\"https:\/\/facebook.com\/teasomepl\" \/>\n<meta property=\"article:modified_time\" content=\"2025-12-11T14:38:04+00:00\" \/>\n<meta property=\"og:image\" content=\"https:\/\/teasome.pl\/wp-content\/uploads\/2025\/12\/IMG_6371-scaled.jpg\" \/>\n\t<meta property=\"og:image:width\" content=\"1920\" \/>\n\t<meta property=\"og:image:height\" content=\"2560\" \/>\n\t<meta property=\"og:image:type\" content=\"image\/jpeg\" \/>\n<meta name=\"twitter:card\" content=\"summary_large_image\" \/>\n<meta name=\"twitter:label1\" content=\"Est. reading time\" \/>\n\t<meta name=\"twitter:data1\" content=\"1 minute\" \/>\n<script type=\"application\/ld+json\" class=\"yoast-schema-graph\">{\"@context\":\"https:\/\/schema.org\",\"@graph\":[{\"@type\":\"WebPage\",\"@id\":\"https:\/\/teasome.pl\/p\/matcha-set-2\/\",\"url\":\"https:\/\/teasome.pl\/p\/matcha-set-2\/\",\"name\":\"MATCHA SET #2 | teasome\",\"isPartOf\":{\"@id\":\"https:\/\/teasome.pl\/#website\"},\"primaryImageOfPage\":{\"@id\":\"https:\/\/teasome.pl\/p\/matcha-set-2\/#primaryimage\"},\"image\":{\"@id\":\"https:\/\/teasome.pl\/p\/matcha-set-2\/#primaryimage\"},\"thumbnailUrl\":\"https:\/\/teasome.pl\/wp-content\/uploads\/2025\/12\/IMG_6371-scaled.jpg\",\"datePublished\":\"2025-12-11T14:32:15+00:00\",\"dateModified\":\"2025-12-11T14:38:04+00:00\",\"breadcrumb\":{\"@id\":\"https:\/\/teasome.pl\/p\/matcha-set-2\/#breadcrumb\"},\"inLanguage\":\"en-US\",\"potentialAction\":[{\"@type\":\"ReadAction\",\"target\":[\"https:\/\/teasome.pl\/p\/matcha-set-2\/\"]}]},{\"@type\":\"ImageObject\",\"inLanguage\":\"en-US\",\"@id\":\"https:\/\/teasome.pl\/p\/matcha-set-2\/#primaryimage\",\"url\":\"https:\/\/teasome.pl\/wp-content\/uploads\/2025\/12\/IMG_6371-scaled.jpg\",\"contentUrl\":\"https:\/\/teasome.pl\/wp-content\/uploads\/2025\/12\/IMG_6371-scaled.jpg\",\"width\":1920,\"height\":2560},{\"@type\":\"BreadcrumbList\",\"@id\":\"https:\/\/teasome.pl\/p\/matcha-set-2\/#breadcrumb\",\"itemListElement\":[{\"@type\":\"ListItem\",\"position\":1,\"name\":\"Strona g\u0142\u00f3wna\",\"item\":\"https:\/\/teasome.pl\/\"},{\"@type\":\"ListItem\",\"position\":2,\"name\":\"Shop\",\"item\":\"https:\/\/teasome.pl\/en\/shop\/\"},{\"@type\":\"ListItem\",\"position\":3,\"name\":\"MATCHA SET #2\"}]},{\"@type\":\"WebSite\",\"@id\":\"https:\/\/teasome.pl\/#website\",\"url\":\"https:\/\/teasome.pl\/\",\"name\":\"Teasome.pl\",\"description\":\"Herbata Speciality\",\"publisher\":{\"@id\":\"https:\/\/teasome.pl\/#organization\"},\"alternateName\":\"teasome\",\"potentialAction\":[{\"@type\":\"SearchAction\",\"target\":{\"@type\":\"EntryPoint\",\"urlTemplate\":\"https:\/\/teasome.pl\/?s={search_term_string}\"},\"query-input\":{\"@type\":\"PropertyValueSpecification\",\"valueRequired\":true,\"valueName\":\"search_term_string\"}}],\"inLanguage\":\"en-US\"},{\"@type\":\"Organization\",\"@id\":\"https:\/\/teasome.pl\/#organization\",\"name\":\"Teasome\",\"url\":\"https:\/\/teasome.pl\/\",\"logo\":{\"@type\":\"ImageObject\",\"inLanguage\":\"en-US\",\"@id\":\"https:\/\/teasome.pl\/#\/schema\/logo\/image\/\",\"url\":\"https:\/\/teasome.pl\/wp-content\/uploads\/2025\/12\/teasome-favicon.png\",\"contentUrl\":\"https:\/\/teasome.pl\/wp-content\/uploads\/2025\/12\/teasome-favicon.png\",\"width\":100,\"height\":100,\"caption\":\"Teasome\"},\"image\":{\"@id\":\"https:\/\/teasome.pl\/#\/schema\/logo\/image\/\"},\"sameAs\":[\"https:\/\/facebook.com\/teasomepl\",\"https:\/\/instagram.com\/teasomepl\"]}]}<\/script>\n<!-- \/ Yoast SEO plugin. -->","yoast_head_json":{"title":"MATCHA SET #2 | teasome","robots":{"index":"index","follow":"follow","max-snippet":"max-snippet:-1","max-image-preview":"max-image-preview:large","max-video-preview":"max-video-preview:-1"},"canonical":"https:\/\/teasome.pl\/p\/matcha-set-2\/","og_locale":"en_US","og_type":"article","og_title":"MATCHA SET #2 | teasome","og_description":"Specjalnie z okazji \u015bwi\u0105t przygotowali\u015bmy dla Was kilka zestaw\u00f3w prezentowych zwi\u0105zanych z match\u0105! Matcha Set #2 zawiera: puszka Matcha Keiki chasen, czyli bambusowa miote\u0142ka do matchy","og_url":"https:\/\/teasome.pl\/p\/matcha-set-2\/","og_site_name":"teasome","article_publisher":"https:\/\/facebook.com\/teasomepl","article_modified_time":"2025-12-11T14:38:04+00:00","og_image":[{"width":1920,"height":2560,"url":"https:\/\/teasome.pl\/wp-content\/uploads\/2025\/12\/IMG_6371-scaled.jpg","type":"image\/jpeg"}],"twitter_card":"summary_large_image","twitter_misc":{"Est. reading time":"1 minute"},"schema":{"@context":"https:\/\/schema.org","@graph":[{"@type":"WebPage","@id":"https:\/\/teasome.pl\/p\/matcha-set-2\/","url":"https:\/\/teasome.pl\/p\/matcha-set-2\/","name":"MATCHA SET #2 | teasome","isPartOf":{"@id":"https:\/\/teasome.pl\/#website"},"primaryImageOfPage":{"@id":"https:\/\/teasome.pl\/p\/matcha-set-2\/#primaryimage"},"image":{"@id":"https:\/\/teasome.pl\/p\/matcha-set-2\/#primaryimage"},"thumbnailUrl":"https:\/\/teasome.pl\/wp-content\/uploads\/2025\/12\/IMG_6371-scaled.jpg","datePublished":"2025-12-11T14:32:15+00:00","dateModified":"2025-12-11T14:38:04+00:00","breadcrumb":{"@id":"https:\/\/teasome.pl\/p\/matcha-set-2\/#breadcrumb"},"inLanguage":"en-US","potentialAction":[{"@type":"ReadAction","target":["https:\/\/teasome.pl\/p\/matcha-set-2\/"]}]},{"@type":"ImageObject","inLanguage":"en-US","@id":"https:\/\/teasome.pl\/p\/matcha-set-2\/#primaryimage","url":"https:\/\/teasome.pl\/wp-content\/uploads\/2025\/12\/IMG_6371-scaled.jpg","contentUrl":"https:\/\/teasome.pl\/wp-content\/uploads\/2025\/12\/IMG_6371-scaled.jpg","width":1920,"height":2560},{"@type":"BreadcrumbList","@id":"https:\/\/teasome.pl\/p\/matcha-set-2\/#breadcrumb","itemListElement":[{"@type":"ListItem","position":1,"name":"Strona g\u0142\u00f3wna","item":"https:\/\/teasome.pl\/"},{"@type":"ListItem","position":2,"name":"Shop","item":"https:\/\/teasome.pl\/en\/shop\/"},{"@type":"ListItem","position":3,"name":"MATCHA SET #2"}]},{"@type":"WebSite","@id":"https:\/\/teasome.pl\/#website","url":"https:\/\/teasome.pl\/","name":"Teasome.pl","description":"Herbata Speciality","publisher":{"@id":"https:\/\/teasome.pl\/#organization"},"alternateName":"teasome","potentialAction":[{"@type":"SearchAction","target":{"@type":"EntryPoint","urlTemplate":"https:\/\/teasome.pl\/?s={search_term_string}"},"query-input":{"@type":"PropertyValueSpecification","valueRequired":true,"valueName":"search_term_string"}}],"inLanguage":"en-US"},{"@type":"Organization","@id":"https:\/\/teasome.pl\/#organization","name":"Teasome","url":"https:\/\/teasome.pl\/","logo":{"@type":"ImageObject","inLanguage":"en-US","@id":"https:\/\/teasome.pl\/#\/schema\/logo\/image\/","url":"https:\/\/teasome.pl\/wp-content\/uploads\/2025\/12\/teasome-favicon.png","contentUrl":"https:\/\/teasome.pl\/wp-content\/uploads\/2025\/12\/teasome-favicon.png","width":100,"height":100,"caption":"Teasome"},"image":{"@id":"https:\/\/teasome.pl\/#\/schema\/logo\/image\/"},"sameAs":["https:\/\/facebook.com\/teasomepl","https:\/\/instagram.com\/teasomepl"]}]}},"_links":{"self":[{"href":"https:\/\/teasome.pl\/en\/wp-json\/wp\/v2\/product\/10674","targetHints":{"allow":["GET"]}}],"collection":[{"href":"https:\/\/teasome.pl\/en\/wp-json\/wp\/v2\/product"}],"about":[{"href":"https:\/\/teasome.pl\/en\/wp-json\/wp\/v2\/types\/product"}],"version-history":[{"count":0,"href":"https:\/\/teasome.pl\/en\/wp-json\/wp\/v2\/product\/10674\/revisions"}],"wp:featuredmedia":[{"embeddable":true,"href":"https:\/\/teasome.pl\/en\/wp-json\/wp\/v2\/media\/10675"}],"wp:attachment":[{"href":"https:\/\/teasome.pl\/en\/wp-json\/wp\/v2\/media?parent=10674"}],"wp:term":[{"taxonomy":"product_brand","embeddable":true,"href":"https:\/\/teasome.pl\/en\/wp-json\/wp\/v2\/product_brand?post=10674"},{"taxonomy":"product_cat","embeddable":true,"href":"https:\/\/teasome.pl\/en\/wp-json\/wp\/v2\/product_cat?post=10674"},{"taxonomy":"product_tag","embeddable":true,"href":"https:\/\/teasome.pl\/en\/wp-json\/wp\/v2\/product_tag?post=10674"}],"curies":[{"name":"wp","href":"https:\/\/api.w.org\/{rel}","templated":true}]}}