{"id":10685,"date":"2025-12-11T15:46:50","date_gmt":"2025-12-11T14:46:50","guid":{"rendered":"https:\/\/teasome.pl\/?post_type=product&#038;p=10685"},"modified":"2026-04-21T13:06:23","modified_gmt":"2026-04-21T12:06:23","slug":"matcha-set-3","status":"publish","type":"product","link":"https:\/\/teasome.pl\/en\/p\/matcha-set-3\/","title":{"rendered":"MATCHA SET #3"},"content":{"rendered":"<p>Matcha Set #3 zawiera:<\/p>\n<ul>\n<li>puszka <a href=\"https:\/\/teasome.pl\/en\/p\/matcha-keiki\/\">Matcha Keiki<\/a><\/li>\n<li>puszka <a href=\"https:\/\/teasome.pl\/p\/matcha-aoba\/\">Matcha Aoba<\/a><\/li>\n<li>chasen, czyli bambusowa miote\u0142ka do matchy<\/li>\n<li>chashaku, czyli bambusowa \u0142y\u017ceczka<\/li>\n<\/ul>\n","protected":false},"excerpt":{"rendered":"<p>Matcha Set #3 zawiera: puszka Matcha Keiki puszka Matcha Aoba chasen, czyli bambusowa miote\u0142ka do matchy chashaku, czyli bambusowa \u0142y\u017ceczka<\/p>\n","protected":false},"featured_media":10686,"template":"","meta":{"_monsterinsights_skip_tracking":false,"_monsterinsights_sitenote_active":false,"_monsterinsights_sitenote_note":"","_monsterinsights_sitenote_category":0},"product_brand":[],"product_cat":[23,65],"product_tag":[],"class_list":{"0":"post-10685","1":"product","2":"type-product","3":"status-publish","4":"has-post-thumbnail","6":"product_cat-matcha","7":"product_cat-zestawy","9":"first","10":"outofstock","11":"taxable","12":"shipping-taxable","13":"purchasable","14":"product-type-simple"},"yoast_head":"<!-- This site is optimized with the Yoast SEO plugin v27.2 - https:\/\/yoast.com\/product\/yoast-seo-wordpress\/ -->\n<title>MATCHA SET #3 | teasome<\/title>\n<meta name=\"robots\" content=\"index, follow, max-snippet:-1, max-image-preview:large, max-video-preview:-1\" \/>\n<link rel=\"canonical\" href=\"https:\/\/teasome.pl\/p\/matcha-set-3\/\" \/>\n<meta property=\"og:locale\" content=\"en_US\" \/>\n<meta property=\"og:type\" content=\"article\" \/>\n<meta property=\"og:title\" content=\"MATCHA SET #3 | teasome\" \/>\n<meta property=\"og:description\" content=\"Matcha Set #3 zawiera: puszka Matcha Keiki puszka Matcha Aoba chasen, czyli bambusowa miote\u0142ka do matchy chashaku, czyli bambusowa \u0142y\u017ceczka\" \/>\n<meta property=\"og:url\" content=\"https:\/\/teasome.pl\/p\/matcha-set-3\/\" \/>\n<meta property=\"og:site_name\" content=\"teasome\" \/>\n<meta property=\"article:publisher\" content=\"https:\/\/facebook.com\/teasomepl\" \/>\n<meta property=\"article:modified_time\" content=\"2026-04-21T12:06:23+00:00\" \/>\n<meta property=\"og:image\" content=\"https:\/\/teasome.pl\/wp-content\/uploads\/2025\/12\/IMG_6320-scaled-e1765464401652.jpg\" \/>\n\t<meta property=\"og:image:width\" content=\"1643\" \/>\n\t<meta property=\"og:image:height\" content=\"1442\" \/>\n\t<meta property=\"og:image:type\" content=\"image\/jpeg\" \/>\n<meta name=\"twitter:card\" content=\"summary_large_image\" \/>\n<meta name=\"twitter:label1\" content=\"Est. reading time\" \/>\n\t<meta name=\"twitter:data1\" content=\"1 minute\" \/>\n<script type=\"application\/ld+json\" class=\"yoast-schema-graph\">{\"@context\":\"https:\/\/schema.org\",\"@graph\":[{\"@type\":\"WebPage\",\"@id\":\"https:\/\/teasome.pl\/p\/matcha-set-3\/\",\"url\":\"https:\/\/teasome.pl\/p\/matcha-set-3\/\",\"name\":\"MATCHA SET #3 | teasome\",\"isPartOf\":{\"@id\":\"https:\/\/teasome.pl\/#website\"},\"primaryImageOfPage\":{\"@id\":\"https:\/\/teasome.pl\/p\/matcha-set-3\/#primaryimage\"},\"image\":{\"@id\":\"https:\/\/teasome.pl\/p\/matcha-set-3\/#primaryimage\"},\"thumbnailUrl\":\"https:\/\/teasome.pl\/wp-content\/uploads\/2025\/12\/IMG_6320-scaled-e1765464401652.jpg\",\"datePublished\":\"2025-12-11T14:46:50+00:00\",\"dateModified\":\"2026-04-21T12:06:23+00:00\",\"breadcrumb\":{\"@id\":\"https:\/\/teasome.pl\/p\/matcha-set-3\/#breadcrumb\"},\"inLanguage\":\"en-US\",\"potentialAction\":[{\"@type\":\"ReadAction\",\"target\":[\"https:\/\/teasome.pl\/p\/matcha-set-3\/\"]}]},{\"@type\":\"ImageObject\",\"inLanguage\":\"en-US\",\"@id\":\"https:\/\/teasome.pl\/p\/matcha-set-3\/#primaryimage\",\"url\":\"https:\/\/teasome.pl\/wp-content\/uploads\/2025\/12\/IMG_6320-scaled-e1765464401652.jpg\",\"contentUrl\":\"https:\/\/teasome.pl\/wp-content\/uploads\/2025\/12\/IMG_6320-scaled-e1765464401652.jpg\",\"width\":1643,\"height\":1442},{\"@type\":\"BreadcrumbList\",\"@id\":\"https:\/\/teasome.pl\/p\/matcha-set-3\/#breadcrumb\",\"itemListElement\":[{\"@type\":\"ListItem\",\"position\":1,\"name\":\"Strona g\u0142\u00f3wna\",\"item\":\"https:\/\/teasome.pl\/\"},{\"@type\":\"ListItem\",\"position\":2,\"name\":\"Shop\",\"item\":\"https:\/\/teasome.pl\/en\/shop\/\"},{\"@type\":\"ListItem\",\"position\":3,\"name\":\"MATCHA SET #3\"}]},{\"@type\":\"WebSite\",\"@id\":\"https:\/\/teasome.pl\/#website\",\"url\":\"https:\/\/teasome.pl\/\",\"name\":\"Teasome.pl\",\"description\":\"Herbata Speciality\",\"publisher\":{\"@id\":\"https:\/\/teasome.pl\/#organization\"},\"alternateName\":\"teasome\",\"potentialAction\":[{\"@type\":\"SearchAction\",\"target\":{\"@type\":\"EntryPoint\",\"urlTemplate\":\"https:\/\/teasome.pl\/?s={search_term_string}\"},\"query-input\":{\"@type\":\"PropertyValueSpecification\",\"valueRequired\":true,\"valueName\":\"search_term_string\"}}],\"inLanguage\":\"en-US\"},{\"@type\":\"Organization\",\"@id\":\"https:\/\/teasome.pl\/#organization\",\"name\":\"Teasome\",\"url\":\"https:\/\/teasome.pl\/\",\"logo\":{\"@type\":\"ImageObject\",\"inLanguage\":\"en-US\",\"@id\":\"https:\/\/teasome.pl\/#\/schema\/logo\/image\/\",\"url\":\"https:\/\/teasome.pl\/wp-content\/uploads\/2025\/12\/teasome-favicon.png\",\"contentUrl\":\"https:\/\/teasome.pl\/wp-content\/uploads\/2025\/12\/teasome-favicon.png\",\"width\":100,\"height\":100,\"caption\":\"Teasome\"},\"image\":{\"@id\":\"https:\/\/teasome.pl\/#\/schema\/logo\/image\/\"},\"sameAs\":[\"https:\/\/facebook.com\/teasomepl\",\"https:\/\/instagram.com\/teasomepl\"]}]}<\/script>\n<!-- \/ Yoast SEO plugin. -->","yoast_head_json":{"title":"MATCHA SET #3 | teasome","robots":{"index":"index","follow":"follow","max-snippet":"max-snippet:-1","max-image-preview":"max-image-preview:large","max-video-preview":"max-video-preview:-1"},"canonical":"https:\/\/teasome.pl\/p\/matcha-set-3\/","og_locale":"en_US","og_type":"article","og_title":"MATCHA SET #3 | teasome","og_description":"Matcha Set #3 zawiera: puszka Matcha Keiki puszka Matcha Aoba chasen, czyli bambusowa miote\u0142ka do matchy chashaku, czyli bambusowa \u0142y\u017ceczka","og_url":"https:\/\/teasome.pl\/p\/matcha-set-3\/","og_site_name":"teasome","article_publisher":"https:\/\/facebook.com\/teasomepl","article_modified_time":"2026-04-21T12:06:23+00:00","og_image":[{"width":1643,"height":1442,"url":"https:\/\/teasome.pl\/wp-content\/uploads\/2025\/12\/IMG_6320-scaled-e1765464401652.jpg","type":"image\/jpeg"}],"twitter_card":"summary_large_image","twitter_misc":{"Est. reading time":"1 minute"},"schema":{"@context":"https:\/\/schema.org","@graph":[{"@type":"WebPage","@id":"https:\/\/teasome.pl\/p\/matcha-set-3\/","url":"https:\/\/teasome.pl\/p\/matcha-set-3\/","name":"MATCHA SET #3 | teasome","isPartOf":{"@id":"https:\/\/teasome.pl\/#website"},"primaryImageOfPage":{"@id":"https:\/\/teasome.pl\/p\/matcha-set-3\/#primaryimage"},"image":{"@id":"https:\/\/teasome.pl\/p\/matcha-set-3\/#primaryimage"},"thumbnailUrl":"https:\/\/teasome.pl\/wp-content\/uploads\/2025\/12\/IMG_6320-scaled-e1765464401652.jpg","datePublished":"2025-12-11T14:46:50+00:00","dateModified":"2026-04-21T12:06:23+00:00","breadcrumb":{"@id":"https:\/\/teasome.pl\/p\/matcha-set-3\/#breadcrumb"},"inLanguage":"en-US","potentialAction":[{"@type":"ReadAction","target":["https:\/\/teasome.pl\/p\/matcha-set-3\/"]}]},{"@type":"ImageObject","inLanguage":"en-US","@id":"https:\/\/teasome.pl\/p\/matcha-set-3\/#primaryimage","url":"https:\/\/teasome.pl\/wp-content\/uploads\/2025\/12\/IMG_6320-scaled-e1765464401652.jpg","contentUrl":"https:\/\/teasome.pl\/wp-content\/uploads\/2025\/12\/IMG_6320-scaled-e1765464401652.jpg","width":1643,"height":1442},{"@type":"BreadcrumbList","@id":"https:\/\/teasome.pl\/p\/matcha-set-3\/#breadcrumb","itemListElement":[{"@type":"ListItem","position":1,"name":"Strona g\u0142\u00f3wna","item":"https:\/\/teasome.pl\/"},{"@type":"ListItem","position":2,"name":"Shop","item":"https:\/\/teasome.pl\/en\/shop\/"},{"@type":"ListItem","position":3,"name":"MATCHA SET #3"}]},{"@type":"WebSite","@id":"https:\/\/teasome.pl\/#website","url":"https:\/\/teasome.pl\/","name":"Teasome.pl","description":"Herbata Speciality","publisher":{"@id":"https:\/\/teasome.pl\/#organization"},"alternateName":"teasome","potentialAction":[{"@type":"SearchAction","target":{"@type":"EntryPoint","urlTemplate":"https:\/\/teasome.pl\/?s={search_term_string}"},"query-input":{"@type":"PropertyValueSpecification","valueRequired":true,"valueName":"search_term_string"}}],"inLanguage":"en-US"},{"@type":"Organization","@id":"https:\/\/teasome.pl\/#organization","name":"Teasome","url":"https:\/\/teasome.pl\/","logo":{"@type":"ImageObject","inLanguage":"en-US","@id":"https:\/\/teasome.pl\/#\/schema\/logo\/image\/","url":"https:\/\/teasome.pl\/wp-content\/uploads\/2025\/12\/teasome-favicon.png","contentUrl":"https:\/\/teasome.pl\/wp-content\/uploads\/2025\/12\/teasome-favicon.png","width":100,"height":100,"caption":"Teasome"},"image":{"@id":"https:\/\/teasome.pl\/#\/schema\/logo\/image\/"},"sameAs":["https:\/\/facebook.com\/teasomepl","https:\/\/instagram.com\/teasomepl"]}]}},"_links":{"self":[{"href":"https:\/\/teasome.pl\/en\/wp-json\/wp\/v2\/product\/10685","targetHints":{"allow":["GET"]}}],"collection":[{"href":"https:\/\/teasome.pl\/en\/wp-json\/wp\/v2\/product"}],"about":[{"href":"https:\/\/teasome.pl\/en\/wp-json\/wp\/v2\/types\/product"}],"version-history":[{"count":1,"href":"https:\/\/teasome.pl\/en\/wp-json\/wp\/v2\/product\/10685\/revisions"}],"predecessor-version":[{"id":12759,"href":"https:\/\/teasome.pl\/en\/wp-json\/wp\/v2\/product\/10685\/revisions\/12759"}],"wp:featuredmedia":[{"embeddable":true,"href":"https:\/\/teasome.pl\/en\/wp-json\/wp\/v2\/media\/10686"}],"wp:attachment":[{"href":"https:\/\/teasome.pl\/en\/wp-json\/wp\/v2\/media?parent=10685"}],"wp:term":[{"taxonomy":"product_brand","embeddable":true,"href":"https:\/\/teasome.pl\/en\/wp-json\/wp\/v2\/product_brand?post=10685"},{"taxonomy":"product_cat","embeddable":true,"href":"https:\/\/teasome.pl\/en\/wp-json\/wp\/v2\/product_cat?post=10685"},{"taxonomy":"product_tag","embeddable":true,"href":"https:\/\/teasome.pl\/en\/wp-json\/wp\/v2\/product_tag?post=10685"}],"curies":[{"name":"wp","href":"https:\/\/api.w.org\/{rel}","templated":true}]}}