{"id":6276,"date":"2024-07-19T14:42:18","date_gmt":"2024-07-19T13:42:18","guid":{"rendered":"https:\/\/teasome.pl\/?post_type=product&#038;p=6276"},"modified":"2026-04-30T19:30:04","modified_gmt":"2026-04-30T18:30:04","slug":"trukwa-podkladka-pod-czajnik","status":"publish","type":"product","link":"https:\/\/teasome.pl\/en\/p\/trukwa-podkladka-pod-czajnik\/","title":{"rendered":"TRUKWA &#8211; PODK\u0141ADKA POD CZAJNIK"},"content":{"rendered":"<p>Naturalna podk\u0142adka pod czajnik wykonana z tropikalnej trukwy, zwanej r\u00f3wnie\u017c okr\u0105 lub g\u0105bczakiem. Taka podkladka daje ceramice mi\u0119kkie, bezpieczne pod\u0142o\u017ce, chroni\u0105c go przed przykrymi wypadkami. Ich u\u017cycie jest szczeg\u00f3lnie wskazane, je\u015bli odstawiamy czajniczek na twarde pod\u0142o\u017ce, takie jak kamie\u0144, na ceramiczny talerzyk lub na glinian\u0105 tack\u0119. Przy okazji suszona okra ch\u0142onie wod\u0119, zapobiegaj\u0105c powstawaniu osadu na pod\u0142o\u017cu czajniczka i do tego jasno wyznacza dla niego honorowe miejsce na herbacianym stole.<\/p>\n<p>Podk\u0142adki maj\u0105 r\u00f3\u017cne odcienie, wraz z u\u017cywaniem b\u0119d\u0105 jednak nabiera\u0107 g\u0142\u0119bokiej, ciemnej barwy.<\/p>\n<p>Nasze trukwy dost\u0119pne s\u0105 w trzech rozmiarach:<\/p>\n<p>ma\u0142y &#8211; 8 cm<\/p>\n<p>\u015bredni &#8211; 12 cm<\/p>\n<p>du\u017cy &#8211; 15 cm<\/p>\n<p>Zosta\u0142y zakupione na herbacianym targowisku w Chongqing.<\/p>\n","protected":false},"excerpt":{"rendered":"<p>Naturalna podk\u0142adka pod czajnik, chroni\u0105ca go przed uszkodzeniami i brudem.<\/p>\n","protected":false},"featured_media":6292,"template":"","meta":{"_monsterinsights_skip_tracking":false,"_monsterinsights_sitenote_active":false,"_monsterinsights_sitenote_note":"","_monsterinsights_sitenote_category":0},"product_brand":[],"product_cat":[20,191],"product_tag":[],"class_list":{"0":"post-6276","1":"product","2":"type-product","3":"status-publish","4":"has-post-thumbnail","6":"product_cat-akcesoria","7":"product_cat-pozostale","9":"first","10":"outofstock","11":"taxable","12":"shipping-taxable","13":"purchasable","14":"product-type-variable","15":"has-default-attributes"},"yoast_head":"<!-- This site is optimized with the Yoast SEO plugin v27.2 - https:\/\/yoast.com\/product\/yoast-seo-wordpress\/ -->\n<title>TRUKWA - PODK\u0141ADKA POD CZAJNIK | teasome<\/title>\n<meta name=\"robots\" content=\"index, follow, max-snippet:-1, max-image-preview:large, max-video-preview:-1\" \/>\n<link rel=\"canonical\" href=\"https:\/\/teasome.pl\/p\/trukwa-podkladka-pod-czajnik\/\" \/>\n<meta property=\"og:locale\" content=\"en_US\" \/>\n<meta property=\"og:type\" content=\"article\" \/>\n<meta property=\"og:title\" content=\"TRUKWA - PODK\u0141ADKA POD CZAJNIK | teasome\" \/>\n<meta property=\"og:description\" content=\"Naturalna podk\u0142adka pod czajnik, chroni\u0105ca go przed uszkodzeniami i brudem.\" \/>\n<meta property=\"og:url\" content=\"https:\/\/teasome.pl\/p\/trukwa-podkladka-pod-czajnik\/\" \/>\n<meta property=\"og:site_name\" content=\"teasome\" \/>\n<meta property=\"article:publisher\" content=\"https:\/\/facebook.com\/teasomepl\" \/>\n<meta property=\"article:modified_time\" content=\"2026-04-30T18:30:04+00:00\" \/>\n<meta property=\"og:image\" content=\"https:\/\/teasome.pl\/wp-content\/uploads\/2024\/07\/trukwa_0A.png\" \/>\n\t<meta property=\"og:image:width\" content=\"1200\" \/>\n\t<meta property=\"og:image:height\" content=\"1200\" \/>\n\t<meta property=\"og:image:type\" content=\"image\/png\" \/>\n<meta name=\"twitter:card\" content=\"summary_large_image\" \/>\n<meta name=\"twitter:label1\" content=\"Est. reading time\" \/>\n\t<meta name=\"twitter:data1\" content=\"1 minute\" \/>\n<script type=\"application\/ld+json\" class=\"yoast-schema-graph\">{\"@context\":\"https:\/\/schema.org\",\"@graph\":[{\"@type\":\"WebPage\",\"@id\":\"https:\/\/teasome.pl\/p\/trukwa-podkladka-pod-czajnik\/\",\"url\":\"https:\/\/teasome.pl\/p\/trukwa-podkladka-pod-czajnik\/\",\"name\":\"TRUKWA - PODK\u0141ADKA POD CZAJNIK | teasome\",\"isPartOf\":{\"@id\":\"https:\/\/teasome.pl\/#website\"},\"primaryImageOfPage\":{\"@id\":\"https:\/\/teasome.pl\/p\/trukwa-podkladka-pod-czajnik\/#primaryimage\"},\"image\":{\"@id\":\"https:\/\/teasome.pl\/p\/trukwa-podkladka-pod-czajnik\/#primaryimage\"},\"thumbnailUrl\":\"https:\/\/teasome.pl\/wp-content\/uploads\/2024\/07\/trukwa_0A.png\",\"datePublished\":\"2024-07-19T13:42:18+00:00\",\"dateModified\":\"2026-04-30T18:30:04+00:00\",\"breadcrumb\":{\"@id\":\"https:\/\/teasome.pl\/p\/trukwa-podkladka-pod-czajnik\/#breadcrumb\"},\"inLanguage\":\"en-US\",\"potentialAction\":[{\"@type\":\"ReadAction\",\"target\":[\"https:\/\/teasome.pl\/p\/trukwa-podkladka-pod-czajnik\/\"]}]},{\"@type\":\"ImageObject\",\"inLanguage\":\"en-US\",\"@id\":\"https:\/\/teasome.pl\/p\/trukwa-podkladka-pod-czajnik\/#primaryimage\",\"url\":\"https:\/\/teasome.pl\/wp-content\/uploads\/2024\/07\/trukwa_0A.png\",\"contentUrl\":\"https:\/\/teasome.pl\/wp-content\/uploads\/2024\/07\/trukwa_0A.png\",\"width\":1200,\"height\":1200},{\"@type\":\"BreadcrumbList\",\"@id\":\"https:\/\/teasome.pl\/p\/trukwa-podkladka-pod-czajnik\/#breadcrumb\",\"itemListElement\":[{\"@type\":\"ListItem\",\"position\":1,\"name\":\"Strona g\u0142\u00f3wna\",\"item\":\"https:\/\/teasome.pl\/\"},{\"@type\":\"ListItem\",\"position\":2,\"name\":\"Shop\",\"item\":\"https:\/\/teasome.pl\/en\/shop\/\"},{\"@type\":\"ListItem\",\"position\":3,\"name\":\"TRUKWA &#8211; PODK\u0141ADKA POD CZAJNIK\"}]},{\"@type\":\"WebSite\",\"@id\":\"https:\/\/teasome.pl\/#website\",\"url\":\"https:\/\/teasome.pl\/\",\"name\":\"Teasome.pl\",\"description\":\"Herbata Speciality\",\"publisher\":{\"@id\":\"https:\/\/teasome.pl\/#organization\"},\"alternateName\":\"teasome\",\"potentialAction\":[{\"@type\":\"SearchAction\",\"target\":{\"@type\":\"EntryPoint\",\"urlTemplate\":\"https:\/\/teasome.pl\/?s={search_term_string}\"},\"query-input\":{\"@type\":\"PropertyValueSpecification\",\"valueRequired\":true,\"valueName\":\"search_term_string\"}}],\"inLanguage\":\"en-US\"},{\"@type\":\"Organization\",\"@id\":\"https:\/\/teasome.pl\/#organization\",\"name\":\"Teasome\",\"url\":\"https:\/\/teasome.pl\/\",\"logo\":{\"@type\":\"ImageObject\",\"inLanguage\":\"en-US\",\"@id\":\"https:\/\/teasome.pl\/#\/schema\/logo\/image\/\",\"url\":\"https:\/\/teasome.pl\/wp-content\/uploads\/2025\/12\/teasome-favicon.png\",\"contentUrl\":\"https:\/\/teasome.pl\/wp-content\/uploads\/2025\/12\/teasome-favicon.png\",\"width\":100,\"height\":100,\"caption\":\"Teasome\"},\"image\":{\"@id\":\"https:\/\/teasome.pl\/#\/schema\/logo\/image\/\"},\"sameAs\":[\"https:\/\/facebook.com\/teasomepl\",\"https:\/\/instagram.com\/teasomepl\"]}]}<\/script>\n<!-- \/ Yoast SEO plugin. -->","yoast_head_json":{"title":"TRUKWA - PODK\u0141ADKA POD CZAJNIK | teasome","robots":{"index":"index","follow":"follow","max-snippet":"max-snippet:-1","max-image-preview":"max-image-preview:large","max-video-preview":"max-video-preview:-1"},"canonical":"https:\/\/teasome.pl\/p\/trukwa-podkladka-pod-czajnik\/","og_locale":"en_US","og_type":"article","og_title":"TRUKWA - PODK\u0141ADKA POD CZAJNIK | teasome","og_description":"Naturalna podk\u0142adka pod czajnik, chroni\u0105ca go przed uszkodzeniami i brudem.","og_url":"https:\/\/teasome.pl\/p\/trukwa-podkladka-pod-czajnik\/","og_site_name":"teasome","article_publisher":"https:\/\/facebook.com\/teasomepl","article_modified_time":"2026-04-30T18:30:04+00:00","og_image":[{"width":1200,"height":1200,"url":"https:\/\/teasome.pl\/wp-content\/uploads\/2024\/07\/trukwa_0A.png","type":"image\/png"}],"twitter_card":"summary_large_image","twitter_misc":{"Est. reading time":"1 minute"},"schema":{"@context":"https:\/\/schema.org","@graph":[{"@type":"WebPage","@id":"https:\/\/teasome.pl\/p\/trukwa-podkladka-pod-czajnik\/","url":"https:\/\/teasome.pl\/p\/trukwa-podkladka-pod-czajnik\/","name":"TRUKWA - PODK\u0141ADKA POD CZAJNIK | teasome","isPartOf":{"@id":"https:\/\/teasome.pl\/#website"},"primaryImageOfPage":{"@id":"https:\/\/teasome.pl\/p\/trukwa-podkladka-pod-czajnik\/#primaryimage"},"image":{"@id":"https:\/\/teasome.pl\/p\/trukwa-podkladka-pod-czajnik\/#primaryimage"},"thumbnailUrl":"https:\/\/teasome.pl\/wp-content\/uploads\/2024\/07\/trukwa_0A.png","datePublished":"2024-07-19T13:42:18+00:00","dateModified":"2026-04-30T18:30:04+00:00","breadcrumb":{"@id":"https:\/\/teasome.pl\/p\/trukwa-podkladka-pod-czajnik\/#breadcrumb"},"inLanguage":"en-US","potentialAction":[{"@type":"ReadAction","target":["https:\/\/teasome.pl\/p\/trukwa-podkladka-pod-czajnik\/"]}]},{"@type":"ImageObject","inLanguage":"en-US","@id":"https:\/\/teasome.pl\/p\/trukwa-podkladka-pod-czajnik\/#primaryimage","url":"https:\/\/teasome.pl\/wp-content\/uploads\/2024\/07\/trukwa_0A.png","contentUrl":"https:\/\/teasome.pl\/wp-content\/uploads\/2024\/07\/trukwa_0A.png","width":1200,"height":1200},{"@type":"BreadcrumbList","@id":"https:\/\/teasome.pl\/p\/trukwa-podkladka-pod-czajnik\/#breadcrumb","itemListElement":[{"@type":"ListItem","position":1,"name":"Strona g\u0142\u00f3wna","item":"https:\/\/teasome.pl\/"},{"@type":"ListItem","position":2,"name":"Shop","item":"https:\/\/teasome.pl\/en\/shop\/"},{"@type":"ListItem","position":3,"name":"TRUKWA &#8211; PODK\u0141ADKA POD CZAJNIK"}]},{"@type":"WebSite","@id":"https:\/\/teasome.pl\/#website","url":"https:\/\/teasome.pl\/","name":"Teasome.pl","description":"Herbata Speciality","publisher":{"@id":"https:\/\/teasome.pl\/#organization"},"alternateName":"teasome","potentialAction":[{"@type":"SearchAction","target":{"@type":"EntryPoint","urlTemplate":"https:\/\/teasome.pl\/?s={search_term_string}"},"query-input":{"@type":"PropertyValueSpecification","valueRequired":true,"valueName":"search_term_string"}}],"inLanguage":"en-US"},{"@type":"Organization","@id":"https:\/\/teasome.pl\/#organization","name":"Teasome","url":"https:\/\/teasome.pl\/","logo":{"@type":"ImageObject","inLanguage":"en-US","@id":"https:\/\/teasome.pl\/#\/schema\/logo\/image\/","url":"https:\/\/teasome.pl\/wp-content\/uploads\/2025\/12\/teasome-favicon.png","contentUrl":"https:\/\/teasome.pl\/wp-content\/uploads\/2025\/12\/teasome-favicon.png","width":100,"height":100,"caption":"Teasome"},"image":{"@id":"https:\/\/teasome.pl\/#\/schema\/logo\/image\/"},"sameAs":["https:\/\/facebook.com\/teasomepl","https:\/\/instagram.com\/teasomepl"]}]}},"_links":{"self":[{"href":"https:\/\/teasome.pl\/en\/wp-json\/wp\/v2\/product\/6276","targetHints":{"allow":["GET"]}}],"collection":[{"href":"https:\/\/teasome.pl\/en\/wp-json\/wp\/v2\/product"}],"about":[{"href":"https:\/\/teasome.pl\/en\/wp-json\/wp\/v2\/types\/product"}],"version-history":[{"count":1,"href":"https:\/\/teasome.pl\/en\/wp-json\/wp\/v2\/product\/6276\/revisions"}],"predecessor-version":[{"id":12813,"href":"https:\/\/teasome.pl\/en\/wp-json\/wp\/v2\/product\/6276\/revisions\/12813"}],"wp:featuredmedia":[{"embeddable":true,"href":"https:\/\/teasome.pl\/en\/wp-json\/wp\/v2\/media\/6292"}],"wp:attachment":[{"href":"https:\/\/teasome.pl\/en\/wp-json\/wp\/v2\/media?parent=6276"}],"wp:term":[{"taxonomy":"product_brand","embeddable":true,"href":"https:\/\/teasome.pl\/en\/wp-json\/wp\/v2\/product_brand?post=6276"},{"taxonomy":"product_cat","embeddable":true,"href":"https:\/\/teasome.pl\/en\/wp-json\/wp\/v2\/product_cat?post=6276"},{"taxonomy":"product_tag","embeddable":true,"href":"https:\/\/teasome.pl\/en\/wp-json\/wp\/v2\/product_tag?post=6276"}],"curies":[{"name":"wp","href":"https:\/\/api.w.org\/{rel}","templated":true}]}}