{"id":6740,"date":"2024-10-10T15:27:25","date_gmt":"2024-10-10T14:27:25","guid":{"rendered":"https:\/\/teasome.pl\/?post_type=product&#038;p=6740"},"modified":"2026-03-27T16:33:05","modified_gmt":"2026-03-27T15:33:05","slug":"czarka-14-artur-rej","status":"publish","type":"product","link":"https:\/\/teasome.pl\/en\/p\/czarka-14-artur-rej\/","title":{"rendered":"CZARKA #14 &#8211; ARTUR REJ"},"content":{"rendered":"<p>Klasyczna czarka do herbaty, wykonana w pe\u0142ni r\u0119cznie, przez polskiego artyst\u0119 Artura Reja.<\/p>\n<p>Ta czarka ma nieco mniejszy rozmiar, idealny do tradycyjnego stylu parzenia herbaty w ma\u0142ych naczyniach. Ma przyjemnie okr\u0105g\u0142y kszta\u0142t z tylko lekko zakrzywionym rancikiem, co nadaje jej przyjaznego charakteru.<\/p>\n<p>Czarka ma charakterystyczne dla Artura pastelowe zielone kolory, mie\u015bci w \u015brodku oko\u0142o 35 ml, jednak ka\u017cda czarka jest w odrobin\u0119 innym rozmiarze oraz kolorze, co jest typowe dla ceramiki robionej r\u0119cznie. Jasne szkliwo wewn\u0105trz pozwala \u0142atwo podziwia\u0107 barw\u0119 naparu. Wszystkie ozdobione s\u0105\u00a0 pi\u0119knymi drobnymi plamkami oraz delikatnymi przebiciami naturalnego koloru gliny.<\/p>\n<p>Naczynia s\u0105 w pe\u0142ni szkliwione, co oznacza, \u017ce nie wp\u0142ywaj\u0105 na smak herbaty i nadaj\u0105 si\u0119 do mycia w zmywarce.<\/p>\n<p>Autor, Artur Rej, tworzy artystyczn\u0105 ceramik\u0119 herbacian\u0105 w swoim warsztacie w Parku Krajobrazowym Doliny Bobru, organizuje tam r\u00f3wnie\u017c warsztaty ceramiczne. Styl jego ceramiki jest wyj\u0105tkowy, tworzone przez niego naczynia maj\u0105 pogodne, g\u0142\u0119bokie kolory i przyjemne, ob\u0142e kszta\u0142ty.<\/p>\n<p>Zach\u0119camy do obserwowania jego prac na Instagramie <a href=\"https:\/\/www.instagram.com\/rej.artur.ceramika?igsh=MWU2MHI3aHV2MTcweg==\" target=\"_blank\" rel=\"noopener\">@rej.artur.ceramika<\/a><\/p>\n<p><i>Podana cena odpowiada jednej czarce.<\/i><\/p>\n","protected":false},"excerpt":{"rendered":"<p>Niewielkie, r\u0119cznie toczone czarki o pojemno\u015bci 35 ml.<\/p>\n","protected":false},"featured_media":12511,"template":"","meta":{"_monsterinsights_skip_tracking":false,"_monsterinsights_sitenote_active":false,"_monsterinsights_sitenote_note":"","_monsterinsights_sitenote_category":0},"product_brand":[],"product_cat":[21],"product_tag":[],"class_list":{"0":"post-6740","1":"product","2":"type-product","3":"status-publish","4":"has-post-thumbnail","6":"product_cat-ceramika","8":"first","9":"instock","10":"taxable","11":"shipping-taxable","12":"purchasable","13":"product-type-simple"},"yoast_head":"<!-- This site is optimized with the Yoast SEO plugin v27.2 - https:\/\/yoast.com\/product\/yoast-seo-wordpress\/ -->\n<title>CZARKA #14 - ARTUR REJ | teasome<\/title>\n<meta name=\"robots\" content=\"index, follow, max-snippet:-1, max-image-preview:large, max-video-preview:-1\" \/>\n<link rel=\"canonical\" href=\"https:\/\/teasome.pl\/p\/czarka-14-artur-rej\/\" \/>\n<meta property=\"og:locale\" content=\"en_US\" \/>\n<meta property=\"og:type\" content=\"article\" \/>\n<meta property=\"og:title\" content=\"CZARKA #14 - ARTUR REJ | teasome\" \/>\n<meta property=\"og:description\" content=\"Niewielkie, r\u0119cznie toczone czarki o pojemno\u015bci 35 ml.\" \/>\n<meta property=\"og:url\" content=\"https:\/\/teasome.pl\/p\/czarka-14-artur-rej\/\" \/>\n<meta property=\"og:site_name\" content=\"teasome\" \/>\n<meta property=\"article:publisher\" content=\"https:\/\/facebook.com\/teasomepl\" \/>\n<meta property=\"article:modified_time\" content=\"2026-03-27T15:33:05+00:00\" \/>\n<meta property=\"og:image\" content=\"https:\/\/teasome.pl\/wp-content\/uploads\/2024\/10\/czarkimalebardzo1.png\" \/>\n\t<meta property=\"og:image:width\" content=\"1200\" \/>\n\t<meta property=\"og:image:height\" content=\"1200\" \/>\n\t<meta property=\"og:image:type\" content=\"image\/png\" \/>\n<meta name=\"twitter:card\" content=\"summary_large_image\" \/>\n<meta name=\"twitter:label1\" content=\"Est. reading time\" \/>\n\t<meta name=\"twitter:data1\" content=\"2 minutes\" \/>\n<script type=\"application\/ld+json\" class=\"yoast-schema-graph\">{\"@context\":\"https:\/\/schema.org\",\"@graph\":[{\"@type\":\"WebPage\",\"@id\":\"https:\/\/teasome.pl\/p\/czarka-14-artur-rej\/\",\"url\":\"https:\/\/teasome.pl\/p\/czarka-14-artur-rej\/\",\"name\":\"CZARKA #14 - ARTUR REJ | teasome\",\"isPartOf\":{\"@id\":\"https:\/\/teasome.pl\/#website\"},\"primaryImageOfPage\":{\"@id\":\"https:\/\/teasome.pl\/p\/czarka-14-artur-rej\/#primaryimage\"},\"image\":{\"@id\":\"https:\/\/teasome.pl\/p\/czarka-14-artur-rej\/#primaryimage\"},\"thumbnailUrl\":\"https:\/\/teasome.pl\/wp-content\/uploads\/2024\/10\/czarkimalebardzo1.png\",\"datePublished\":\"2024-10-10T14:27:25+00:00\",\"dateModified\":\"2026-03-27T15:33:05+00:00\",\"breadcrumb\":{\"@id\":\"https:\/\/teasome.pl\/p\/czarka-14-artur-rej\/#breadcrumb\"},\"inLanguage\":\"en-US\",\"potentialAction\":[{\"@type\":\"ReadAction\",\"target\":[\"https:\/\/teasome.pl\/p\/czarka-14-artur-rej\/\"]}]},{\"@type\":\"ImageObject\",\"inLanguage\":\"en-US\",\"@id\":\"https:\/\/teasome.pl\/p\/czarka-14-artur-rej\/#primaryimage\",\"url\":\"https:\/\/teasome.pl\/wp-content\/uploads\/2024\/10\/czarkimalebardzo1.png\",\"contentUrl\":\"https:\/\/teasome.pl\/wp-content\/uploads\/2024\/10\/czarkimalebardzo1.png\",\"width\":1200,\"height\":1200},{\"@type\":\"BreadcrumbList\",\"@id\":\"https:\/\/teasome.pl\/p\/czarka-14-artur-rej\/#breadcrumb\",\"itemListElement\":[{\"@type\":\"ListItem\",\"position\":1,\"name\":\"Strona g\u0142\u00f3wna\",\"item\":\"https:\/\/teasome.pl\/\"},{\"@type\":\"ListItem\",\"position\":2,\"name\":\"Shop\",\"item\":\"https:\/\/teasome.pl\/en\/shop\/\"},{\"@type\":\"ListItem\",\"position\":3,\"name\":\"CZARKA #14 &#8211; ARTUR REJ\"}]},{\"@type\":\"WebSite\",\"@id\":\"https:\/\/teasome.pl\/#website\",\"url\":\"https:\/\/teasome.pl\/\",\"name\":\"Teasome.pl\",\"description\":\"Herbata Speciality\",\"publisher\":{\"@id\":\"https:\/\/teasome.pl\/#organization\"},\"alternateName\":\"teasome\",\"potentialAction\":[{\"@type\":\"SearchAction\",\"target\":{\"@type\":\"EntryPoint\",\"urlTemplate\":\"https:\/\/teasome.pl\/?s={search_term_string}\"},\"query-input\":{\"@type\":\"PropertyValueSpecification\",\"valueRequired\":true,\"valueName\":\"search_term_string\"}}],\"inLanguage\":\"en-US\"},{\"@type\":\"Organization\",\"@id\":\"https:\/\/teasome.pl\/#organization\",\"name\":\"Teasome\",\"url\":\"https:\/\/teasome.pl\/\",\"logo\":{\"@type\":\"ImageObject\",\"inLanguage\":\"en-US\",\"@id\":\"https:\/\/teasome.pl\/#\/schema\/logo\/image\/\",\"url\":\"https:\/\/teasome.pl\/wp-content\/uploads\/2025\/12\/teasome-favicon.png\",\"contentUrl\":\"https:\/\/teasome.pl\/wp-content\/uploads\/2025\/12\/teasome-favicon.png\",\"width\":100,\"height\":100,\"caption\":\"Teasome\"},\"image\":{\"@id\":\"https:\/\/teasome.pl\/#\/schema\/logo\/image\/\"},\"sameAs\":[\"https:\/\/facebook.com\/teasomepl\",\"https:\/\/instagram.com\/teasomepl\"]}]}<\/script>\n<!-- \/ Yoast SEO plugin. -->","yoast_head_json":{"title":"CZARKA #14 - ARTUR REJ | teasome","robots":{"index":"index","follow":"follow","max-snippet":"max-snippet:-1","max-image-preview":"max-image-preview:large","max-video-preview":"max-video-preview:-1"},"canonical":"https:\/\/teasome.pl\/p\/czarka-14-artur-rej\/","og_locale":"en_US","og_type":"article","og_title":"CZARKA #14 - ARTUR REJ | teasome","og_description":"Niewielkie, r\u0119cznie toczone czarki o pojemno\u015bci 35 ml.","og_url":"https:\/\/teasome.pl\/p\/czarka-14-artur-rej\/","og_site_name":"teasome","article_publisher":"https:\/\/facebook.com\/teasomepl","article_modified_time":"2026-03-27T15:33:05+00:00","og_image":[{"width":1200,"height":1200,"url":"https:\/\/teasome.pl\/wp-content\/uploads\/2024\/10\/czarkimalebardzo1.png","type":"image\/png"}],"twitter_card":"summary_large_image","twitter_misc":{"Est. reading time":"2 minutes"},"schema":{"@context":"https:\/\/schema.org","@graph":[{"@type":"WebPage","@id":"https:\/\/teasome.pl\/p\/czarka-14-artur-rej\/","url":"https:\/\/teasome.pl\/p\/czarka-14-artur-rej\/","name":"CZARKA #14 - ARTUR REJ | teasome","isPartOf":{"@id":"https:\/\/teasome.pl\/#website"},"primaryImageOfPage":{"@id":"https:\/\/teasome.pl\/p\/czarka-14-artur-rej\/#primaryimage"},"image":{"@id":"https:\/\/teasome.pl\/p\/czarka-14-artur-rej\/#primaryimage"},"thumbnailUrl":"https:\/\/teasome.pl\/wp-content\/uploads\/2024\/10\/czarkimalebardzo1.png","datePublished":"2024-10-10T14:27:25+00:00","dateModified":"2026-03-27T15:33:05+00:00","breadcrumb":{"@id":"https:\/\/teasome.pl\/p\/czarka-14-artur-rej\/#breadcrumb"},"inLanguage":"en-US","potentialAction":[{"@type":"ReadAction","target":["https:\/\/teasome.pl\/p\/czarka-14-artur-rej\/"]}]},{"@type":"ImageObject","inLanguage":"en-US","@id":"https:\/\/teasome.pl\/p\/czarka-14-artur-rej\/#primaryimage","url":"https:\/\/teasome.pl\/wp-content\/uploads\/2024\/10\/czarkimalebardzo1.png","contentUrl":"https:\/\/teasome.pl\/wp-content\/uploads\/2024\/10\/czarkimalebardzo1.png","width":1200,"height":1200},{"@type":"BreadcrumbList","@id":"https:\/\/teasome.pl\/p\/czarka-14-artur-rej\/#breadcrumb","itemListElement":[{"@type":"ListItem","position":1,"name":"Strona g\u0142\u00f3wna","item":"https:\/\/teasome.pl\/"},{"@type":"ListItem","position":2,"name":"Shop","item":"https:\/\/teasome.pl\/en\/shop\/"},{"@type":"ListItem","position":3,"name":"CZARKA #14 &#8211; ARTUR REJ"}]},{"@type":"WebSite","@id":"https:\/\/teasome.pl\/#website","url":"https:\/\/teasome.pl\/","name":"Teasome.pl","description":"Herbata Speciality","publisher":{"@id":"https:\/\/teasome.pl\/#organization"},"alternateName":"teasome","potentialAction":[{"@type":"SearchAction","target":{"@type":"EntryPoint","urlTemplate":"https:\/\/teasome.pl\/?s={search_term_string}"},"query-input":{"@type":"PropertyValueSpecification","valueRequired":true,"valueName":"search_term_string"}}],"inLanguage":"en-US"},{"@type":"Organization","@id":"https:\/\/teasome.pl\/#organization","name":"Teasome","url":"https:\/\/teasome.pl\/","logo":{"@type":"ImageObject","inLanguage":"en-US","@id":"https:\/\/teasome.pl\/#\/schema\/logo\/image\/","url":"https:\/\/teasome.pl\/wp-content\/uploads\/2025\/12\/teasome-favicon.png","contentUrl":"https:\/\/teasome.pl\/wp-content\/uploads\/2025\/12\/teasome-favicon.png","width":100,"height":100,"caption":"Teasome"},"image":{"@id":"https:\/\/teasome.pl\/#\/schema\/logo\/image\/"},"sameAs":["https:\/\/facebook.com\/teasomepl","https:\/\/instagram.com\/teasomepl"]}]}},"_links":{"self":[{"href":"https:\/\/teasome.pl\/en\/wp-json\/wp\/v2\/product\/6740","targetHints":{"allow":["GET"]}}],"collection":[{"href":"https:\/\/teasome.pl\/en\/wp-json\/wp\/v2\/product"}],"about":[{"href":"https:\/\/teasome.pl\/en\/wp-json\/wp\/v2\/types\/product"}],"version-history":[{"count":2,"href":"https:\/\/teasome.pl\/en\/wp-json\/wp\/v2\/product\/6740\/revisions"}],"predecessor-version":[{"id":12516,"href":"https:\/\/teasome.pl\/en\/wp-json\/wp\/v2\/product\/6740\/revisions\/12516"}],"wp:featuredmedia":[{"embeddable":true,"href":"https:\/\/teasome.pl\/en\/wp-json\/wp\/v2\/media\/12511"}],"wp:attachment":[{"href":"https:\/\/teasome.pl\/en\/wp-json\/wp\/v2\/media?parent=6740"}],"wp:term":[{"taxonomy":"product_brand","embeddable":true,"href":"https:\/\/teasome.pl\/en\/wp-json\/wp\/v2\/product_brand?post=6740"},{"taxonomy":"product_cat","embeddable":true,"href":"https:\/\/teasome.pl\/en\/wp-json\/wp\/v2\/product_cat?post=6740"},{"taxonomy":"product_tag","embeddable":true,"href":"https:\/\/teasome.pl\/en\/wp-json\/wp\/v2\/product_tag?post=6740"}],"curies":[{"name":"wp","href":"https:\/\/api.w.org\/{rel}","templated":true}]}}