{"id":8188,"date":"2024-10-10T15:20:57","date_gmt":"2024-10-10T14:20:57","guid":{"rendered":"https:\/\/teasome.pl\/p\/teacup-2-anna-krezolek\/"},"modified":"2024-10-10T15:20:57","modified_gmt":"2024-10-10T14:20:57","slug":"teacup-2-anna-krezolek","status":"publish","type":"product","link":"https:\/\/teasome.pl\/en\/p\/teacup-2-anna-krezolek\/","title":{"rendered":"TEACUP #2 &#8211; ANNA KR\u0118\u017bO\u0141EK"},"content":{"rendered":"<p>A beautiful, white teacup adorned on both sides with unique cobalt spots. Handcrafted by Krak\u00f3w-based artist Anna Kr\u0119\u017co\u0142ek. The capacity is about 60 ml. The light glaze is covered with elegant, fine speckles, wonderfully highlighting the beauty of the infusion&#8217;s color. The cup has a delicate, gentle character thanks to its small foot and distinct roundness. It is signed by the artist at the bottom.<br \/>\n<br \/>Anna Kr\u0119\u017co\u0142ek is not only a ceramist but also an architect, which is evident in the precision and meticulous planning of each of her vessels.<\/p>\n<p>We encourage you to follow her work on <a href=\"https:\/\/www.instagram.com\/kerani__ceramika\/?\" rel=\"noopener\" target=\"_blank\">Instagram<\/a>.       <\/p>\n","protected":false},"excerpt":{"rendered":"<p> A white, hand-thrown teacup with a capacity of 60ml.<\/p>\n","protected":false},"featured_media":8581,"template":"","meta":{"_monsterinsights_skip_tracking":false,"_monsterinsights_sitenote_active":false,"_monsterinsights_sitenote_note":"","_monsterinsights_sitenote_category":0},"product_brand":[],"product_cat":[216],"product_tag":[],"class_list":{"0":"post-8188","1":"product","2":"type-product","3":"status-publish","4":"has-post-thumbnail","6":"product_cat-artisan-teaware","8":"first","9":"instock","10":"taxable","11":"shipping-taxable","12":"purchasable","13":"product-type-simple"},"yoast_head":"<!-- This site is optimized with the Yoast SEO plugin v27.2 - https:\/\/yoast.com\/product\/yoast-seo-wordpress\/ -->\n<title>TEACUP #2 - ANNA KR\u0118\u017bO\u0141EK | teasome<\/title>\n<meta name=\"robots\" content=\"index, follow, max-snippet:-1, max-image-preview:large, max-video-preview:-1\" \/>\n<link rel=\"canonical\" href=\"https:\/\/teasome.pl\/en\/p\/teacup-2-anna-krezolek\/\" \/>\n<meta property=\"og:locale\" content=\"en_US\" \/>\n<meta property=\"og:type\" content=\"article\" \/>\n<meta property=\"og:title\" content=\"TEACUP #2 - ANNA KR\u0118\u017bO\u0141EK | teasome\" \/>\n<meta property=\"og:description\" content=\"A white, hand-thrown teacup with a capacity of 60ml.\" \/>\n<meta property=\"og:url\" content=\"https:\/\/teasome.pl\/en\/p\/teacup-2-anna-krezolek\/\" \/>\n<meta property=\"og:site_name\" content=\"teasome\" \/>\n<meta property=\"article:publisher\" content=\"https:\/\/facebook.com\/teasomepl\" \/>\n<meta name=\"twitter:card\" content=\"summary_large_image\" \/>\n<meta name=\"twitter:label1\" content=\"Est. reading time\" \/>\n\t<meta name=\"twitter:data1\" content=\"1 minute\" \/>\n<script type=\"application\/ld+json\" class=\"yoast-schema-graph\">{\"@context\":\"https:\/\/schema.org\",\"@graph\":[{\"@type\":\"WebPage\",\"@id\":\"https:\/\/teasome.pl\/en\/p\/teacup-2-anna-krezolek\/\",\"url\":\"https:\/\/teasome.pl\/en\/p\/teacup-2-anna-krezolek\/\",\"name\":\"TEACUP #2 - ANNA KR\u0118\u017bO\u0141EK | teasome\",\"isPartOf\":{\"@id\":\"https:\/\/teasome.pl\/#website\"},\"primaryImageOfPage\":{\"@id\":\"https:\/\/teasome.pl\/en\/p\/teacup-2-anna-krezolek\/#primaryimage\"},\"image\":{\"@id\":\"https:\/\/teasome.pl\/en\/p\/teacup-2-anna-krezolek\/#primaryimage\"},\"thumbnailUrl\":\"https:\/\/teasome.pl\/wp-content\/uploads\/2024\/10\/brazczarka1.png\",\"datePublished\":\"2024-10-10T14:20:57+00:00\",\"breadcrumb\":{\"@id\":\"https:\/\/teasome.pl\/en\/p\/teacup-2-anna-krezolek\/#breadcrumb\"},\"inLanguage\":\"en-US\",\"potentialAction\":[{\"@type\":\"ReadAction\",\"target\":[\"https:\/\/teasome.pl\/en\/p\/teacup-2-anna-krezolek\/\"]}]},{\"@type\":\"ImageObject\",\"inLanguage\":\"en-US\",\"@id\":\"https:\/\/teasome.pl\/en\/p\/teacup-2-anna-krezolek\/#primaryimage\",\"url\":\"https:\/\/teasome.pl\/wp-content\/uploads\/2024\/10\/brazczarka1.png\",\"contentUrl\":\"https:\/\/teasome.pl\/wp-content\/uploads\/2024\/10\/brazczarka1.png\",\"width\":1200,\"height\":1200},{\"@type\":\"BreadcrumbList\",\"@id\":\"https:\/\/teasome.pl\/en\/p\/teacup-2-anna-krezolek\/#breadcrumb\",\"itemListElement\":[{\"@type\":\"ListItem\",\"position\":1,\"name\":\"Strona g\u0142\u00f3wna\",\"item\":\"https:\/\/teasome.pl\/\"},{\"@type\":\"ListItem\",\"position\":2,\"name\":\"Shop\",\"item\":\"https:\/\/teasome.pl\/en\/shop\/\"},{\"@type\":\"ListItem\",\"position\":3,\"name\":\"TEACUP #2 &#8211; ANNA KR\u0118\u017bO\u0141EK\"}]},{\"@type\":\"WebSite\",\"@id\":\"https:\/\/teasome.pl\/#website\",\"url\":\"https:\/\/teasome.pl\/\",\"name\":\"Teasome.pl\",\"description\":\"Herbata Speciality\",\"publisher\":{\"@id\":\"https:\/\/teasome.pl\/#organization\"},\"alternateName\":\"teasome\",\"potentialAction\":[{\"@type\":\"SearchAction\",\"target\":{\"@type\":\"EntryPoint\",\"urlTemplate\":\"https:\/\/teasome.pl\/?s={search_term_string}\"},\"query-input\":{\"@type\":\"PropertyValueSpecification\",\"valueRequired\":true,\"valueName\":\"search_term_string\"}}],\"inLanguage\":\"en-US\"},{\"@type\":\"Organization\",\"@id\":\"https:\/\/teasome.pl\/#organization\",\"name\":\"Teasome\",\"url\":\"https:\/\/teasome.pl\/\",\"logo\":{\"@type\":\"ImageObject\",\"inLanguage\":\"en-US\",\"@id\":\"https:\/\/teasome.pl\/#\/schema\/logo\/image\/\",\"url\":\"https:\/\/teasome.pl\/wp-content\/uploads\/2025\/12\/teasome-favicon.png\",\"contentUrl\":\"https:\/\/teasome.pl\/wp-content\/uploads\/2025\/12\/teasome-favicon.png\",\"width\":100,\"height\":100,\"caption\":\"Teasome\"},\"image\":{\"@id\":\"https:\/\/teasome.pl\/#\/schema\/logo\/image\/\"},\"sameAs\":[\"https:\/\/facebook.com\/teasomepl\",\"https:\/\/instagram.com\/teasomepl\"]}]}<\/script>\n<!-- \/ Yoast SEO plugin. -->","yoast_head_json":{"title":"TEACUP #2 - ANNA KR\u0118\u017bO\u0141EK | teasome","robots":{"index":"index","follow":"follow","max-snippet":"max-snippet:-1","max-image-preview":"max-image-preview:large","max-video-preview":"max-video-preview:-1"},"canonical":"https:\/\/teasome.pl\/en\/p\/teacup-2-anna-krezolek\/","og_locale":"en_US","og_type":"article","og_title":"TEACUP #2 - ANNA KR\u0118\u017bO\u0141EK | teasome","og_description":"A white, hand-thrown teacup with a capacity of 60ml.","og_url":"https:\/\/teasome.pl\/en\/p\/teacup-2-anna-krezolek\/","og_site_name":"teasome","article_publisher":"https:\/\/facebook.com\/teasomepl","twitter_card":"summary_large_image","twitter_misc":{"Est. reading time":"1 minute"},"schema":{"@context":"https:\/\/schema.org","@graph":[{"@type":"WebPage","@id":"https:\/\/teasome.pl\/en\/p\/teacup-2-anna-krezolek\/","url":"https:\/\/teasome.pl\/en\/p\/teacup-2-anna-krezolek\/","name":"TEACUP #2 - ANNA KR\u0118\u017bO\u0141EK | teasome","isPartOf":{"@id":"https:\/\/teasome.pl\/#website"},"primaryImageOfPage":{"@id":"https:\/\/teasome.pl\/en\/p\/teacup-2-anna-krezolek\/#primaryimage"},"image":{"@id":"https:\/\/teasome.pl\/en\/p\/teacup-2-anna-krezolek\/#primaryimage"},"thumbnailUrl":"https:\/\/teasome.pl\/wp-content\/uploads\/2024\/10\/brazczarka1.png","datePublished":"2024-10-10T14:20:57+00:00","breadcrumb":{"@id":"https:\/\/teasome.pl\/en\/p\/teacup-2-anna-krezolek\/#breadcrumb"},"inLanguage":"en-US","potentialAction":[{"@type":"ReadAction","target":["https:\/\/teasome.pl\/en\/p\/teacup-2-anna-krezolek\/"]}]},{"@type":"ImageObject","inLanguage":"en-US","@id":"https:\/\/teasome.pl\/en\/p\/teacup-2-anna-krezolek\/#primaryimage","url":"https:\/\/teasome.pl\/wp-content\/uploads\/2024\/10\/brazczarka1.png","contentUrl":"https:\/\/teasome.pl\/wp-content\/uploads\/2024\/10\/brazczarka1.png","width":1200,"height":1200},{"@type":"BreadcrumbList","@id":"https:\/\/teasome.pl\/en\/p\/teacup-2-anna-krezolek\/#breadcrumb","itemListElement":[{"@type":"ListItem","position":1,"name":"Strona g\u0142\u00f3wna","item":"https:\/\/teasome.pl\/"},{"@type":"ListItem","position":2,"name":"Shop","item":"https:\/\/teasome.pl\/en\/shop\/"},{"@type":"ListItem","position":3,"name":"TEACUP #2 &#8211; ANNA KR\u0118\u017bO\u0141EK"}]},{"@type":"WebSite","@id":"https:\/\/teasome.pl\/#website","url":"https:\/\/teasome.pl\/","name":"Teasome.pl","description":"Herbata Speciality","publisher":{"@id":"https:\/\/teasome.pl\/#organization"},"alternateName":"teasome","potentialAction":[{"@type":"SearchAction","target":{"@type":"EntryPoint","urlTemplate":"https:\/\/teasome.pl\/?s={search_term_string}"},"query-input":{"@type":"PropertyValueSpecification","valueRequired":true,"valueName":"search_term_string"}}],"inLanguage":"en-US"},{"@type":"Organization","@id":"https:\/\/teasome.pl\/#organization","name":"Teasome","url":"https:\/\/teasome.pl\/","logo":{"@type":"ImageObject","inLanguage":"en-US","@id":"https:\/\/teasome.pl\/#\/schema\/logo\/image\/","url":"https:\/\/teasome.pl\/wp-content\/uploads\/2025\/12\/teasome-favicon.png","contentUrl":"https:\/\/teasome.pl\/wp-content\/uploads\/2025\/12\/teasome-favicon.png","width":100,"height":100,"caption":"Teasome"},"image":{"@id":"https:\/\/teasome.pl\/#\/schema\/logo\/image\/"},"sameAs":["https:\/\/facebook.com\/teasomepl","https:\/\/instagram.com\/teasomepl"]}]}},"_links":{"self":[{"href":"https:\/\/teasome.pl\/en\/wp-json\/wp\/v2\/product\/8188","targetHints":{"allow":["GET"]}}],"collection":[{"href":"https:\/\/teasome.pl\/en\/wp-json\/wp\/v2\/product"}],"about":[{"href":"https:\/\/teasome.pl\/en\/wp-json\/wp\/v2\/types\/product"}],"version-history":[{"count":0,"href":"https:\/\/teasome.pl\/en\/wp-json\/wp\/v2\/product\/8188\/revisions"}],"wp:featuredmedia":[{"embeddable":true,"href":"https:\/\/teasome.pl\/en\/wp-json\/wp\/v2\/media\/8581"}],"wp:attachment":[{"href":"https:\/\/teasome.pl\/en\/wp-json\/wp\/v2\/media?parent=8188"}],"wp:term":[{"taxonomy":"product_brand","embeddable":true,"href":"https:\/\/teasome.pl\/en\/wp-json\/wp\/v2\/product_brand?post=8188"},{"taxonomy":"product_cat","embeddable":true,"href":"https:\/\/teasome.pl\/en\/wp-json\/wp\/v2\/product_cat?post=8188"},{"taxonomy":"product_tag","embeddable":true,"href":"https:\/\/teasome.pl\/en\/wp-json\/wp\/v2\/product_tag?post=8188"}],"curies":[{"name":"wp","href":"https:\/\/api.w.org\/{rel}","templated":true}]}}